{"id":43,"date":"2015-04-10T13:13:37","date_gmt":"2015-04-10T12:13:37","guid":{"rendered":"http:\/\/livinlow.de.212-144-99-246.org-dns.com\/?page_id=43"},"modified":"2025-03-22T21:48:03","modified_gmt":"2025-03-22T20:48:03","slug":"passat-3c-xenon-brenner-wechseln","status":"publish","type":"page","link":"https:\/\/livinlow.de\/?page_id=43","title":{"rendered":"Passat 3C &#8211; Xenon-Brenner wechseln"},"content":{"rendered":"<div class=\"pdfprnt-buttons pdfprnt-buttons-page pdfprnt-top-right\"><a href=\"https:\/\/livinlow.de\/index.php?rest_route=wpv2pages43&print=pdf\" class=\"pdfprnt-button pdfprnt-button-pdf\" target=\"_blank\"><img data-recalc-dims=\"1\" decoding=\"async\" src=\"https:\/\/i0.wp.com\/livinlow.de\/wp-content\/plugins\/pdf-print\/images\/pdf.png?w=640&#038;ssl=1\" alt=\"image_pdf\" title=\"PDF anzeigen\" \/><\/a><a href=\"https:\/\/livinlow.de\/index.php?rest_route=wpv2pages43&print=print\" class=\"pdfprnt-button pdfprnt-button-print\" target=\"_blank\"><img data-recalc-dims=\"1\" decoding=\"async\" src=\"https:\/\/i0.wp.com\/livinlow.de\/wp-content\/plugins\/pdf-print\/images\/print.png?w=640&#038;ssl=1\" alt=\"image_print\" title=\"Inhalt drucken\" \/><\/a><\/div><p>Heute m\u00f6chten wir erkl\u00e4ren, wie man beim Passat 3C\/B6 die Xenon-Brenner wechseln kann.<\/p>\n<p>Nat\u00fcrlich scheiden sich wie so oft die Geister, welche Leuchtmittel die besten sind. Nach einigen \u00dcberlegungen habe ich mich f\u00fcr <a rel=\"nofollow\" href=\"http:\/\/www.amazon.com\/gp\/product\/B0D1CMXY6D?ie=UTF8&amp;linkCode=xm2&amp;camp=2025&amp;creative=6738&amp;tag=&amp;creativeASIN=B0D1CMXY6D&amp;SubscriptionId=AKPASWHN7U1742678737\">diese Brenner<\/a> entschieden.<\/p>\n<p><del>Leider bin ich nicht dazu gekommen Bilder zu machen, ich versuche aber diese nachzureichen.<\/del><\/p>\n<p><strong>Was brauchen wir?<\/strong><\/p>\n<ul>\n<li>einen kleinen Ratschenkasten mit Verl\u00e4ngerungen und diversen Torx-Bits\u00a0\u00a0(z.B.\u00a0<a rel=\"nofollow\" href=\"http:\/\/www.amazon.com\/gp\/product\/B009I4HRDW?ie=UTF8&amp;linkCode=xm2&amp;camp=2025&amp;creative=6738&amp;tag=&amp;creativeASIN=B009I4HRDW&amp;SubscriptionId=AKPASWHN7U1742678737\">diesen<\/a>)<\/li>\n<li>einen Satz neue Leuchtmittel (z.B. <a rel=\"nofollow\" href=\"http:\/\/www.amazon.com\/gp\/product\/B0D1CMXY6D?ie=UTF8&amp;linkCode=xm2&amp;camp=2025&amp;creative=6738&amp;tag=&amp;creativeASIN=B0D1CMXY6D&amp;SubscriptionId=AKPASWHN7U1742678737\">diesen<\/a> oder <a rel=\"nofollow\" href=\"http:\/\/www.amazon.com\/gp\/product\/B09F6SYGLW?ie=UTF8&amp;linkCode=xm2&amp;camp=2025&amp;creative=6738&amp;tag=&amp;creativeASIN=B09F6SYGLW&amp;SubscriptionId=AKPASWHN7U1742678737\">diesen<\/a>)<\/li>\n<li>etwas Geduld und Fingerspitzengef\u00fchl<\/li>\n<\/ul>\n<p><strong>Wie funktioniert&#8217;s?<\/strong><\/p>\n<p><strong><img data-recalc-dims=\"1\" loading=\"lazy\" decoding=\"async\" class=\"alignnone size-medium wp-image-80\" src=\"https:\/\/i0.wp.com\/livinlow.de.212-144-99-246.org-dns.com\/wp-content\/uploads\/2015\/04\/IMG_1924-300x225.jpg?resize=300%2C225\" alt=\"Grill Passat 3C\" width=\"300\" height=\"225\" srcset=\"https:\/\/i0.wp.com\/livinlow.de\/wp-content\/uploads\/2015\/04\/IMG_1924.jpg?resize=300%2C225&amp;ssl=1 300w, https:\/\/i0.wp.com\/livinlow.de\/wp-content\/uploads\/2015\/04\/IMG_1924.jpg?resize=1024%2C768&amp;ssl=1 1024w, https:\/\/i0.wp.com\/livinlow.de\/wp-content\/uploads\/2015\/04\/IMG_1924.jpg?w=1280&amp;ssl=1 1280w, https:\/\/i0.wp.com\/livinlow.de\/wp-content\/uploads\/2015\/04\/IMG_1924.jpg?w=1920&amp;ssl=1 1920w\" sizes=\"auto, (max-width: 300px) 100vw, 300px\" \/><\/strong><\/p>\n<p>Die schlechte Nachricht zu Erst &#8211; die Sto\u00dfstange muss abgebaut werden damit man die Scheinwerfer entnehmen kann. Sonst besteht keinerlei Chance die Brenner zu wechseln. Es reicht allerdings, sie etwas nach vorne zu ziehen und zum Beispiel auf eine alte Decke zu legen. So k\u00f6nnen Kabel und Schl\u00e4uche angesteckt bleiben.<\/p>\n<p>Es empfiehlt sich, f\u00fcr diese Arbeiten rechtzeitig vorher die Batterie abzuklemmen um Sch\u00e4den an Mensch und Maschine zu vermeiden.<\/p>\n<p>Zun\u00e4chst m\u00fcssen nun von oben 6 Schrauben (TX), danach an der Unterseite der Frontlippe weitere\u00a07\u00a0Schrauben (TX) entfernt werden.<\/p>\n<p>Jetzt wird es etwas tricky&#8230;<\/p>\n<p>Wer eine Hebeb\u00fchne besitzt, hat es nat\u00fcrlich etwas einfacher. In diesem Fall w\u00fcrde ich einfach die beiden Vorderr\u00e4der abschrauben und die Radhausschalen komplett ausbauen.<\/p>\n<p>Habt Ihr (wie ich) keine Hebeb\u00fchne, ist es am einfachsten die R\u00e4der ein bisschen einzuschlagen. Ich habe einfach einige Schrauben der Verkleidung gel\u00f6st, sodass ich den Kunststoff ein bisschen zur Seite biegen konnte.<\/p>\n<p><img data-recalc-dims=\"1\" loading=\"lazy\" decoding=\"async\" class=\"alignnone size-medium wp-image-78\" src=\"https:\/\/i0.wp.com\/livinlow.de.212-144-99-246.org-dns.com\/wp-content\/uploads\/2015\/04\/IMG_1922-225x300.jpg?resize=225%2C300\" alt=\"Innenkotfl\u00fcgel Passat 3C\" width=\"225\" height=\"300\" srcset=\"https:\/\/i0.wp.com\/livinlow.de\/wp-content\/uploads\/2015\/04\/IMG_1922.jpg?resize=225%2C300&amp;ssl=1 225w, https:\/\/i0.wp.com\/livinlow.de\/wp-content\/uploads\/2015\/04\/IMG_1922.jpg?resize=768%2C1024&amp;ssl=1 768w, https:\/\/i0.wp.com\/livinlow.de\/wp-content\/uploads\/2015\/04\/IMG_1922.jpg?w=1280&amp;ssl=1 1280w, https:\/\/i0.wp.com\/livinlow.de\/wp-content\/uploads\/2015\/04\/IMG_1922.jpg?w=1920&amp;ssl=1 1920w\" sizes=\"auto, (max-width: 225px) 100vw, 225px\" \/><\/p>\n<p>Nun m\u00fcssen noch pro Seite zwei weitere Schrauben entfernt werden. Eine ist\u00a0senkrecht von unten nach Oben eingeschraubt (TX), die andere sitzt in Fahrtrichtung und muss mit einer 10er Nuss, einigen Verl\u00e4ngerungen und viel Fingerspitzengef\u00fchl gel\u00f6st werden.Ist das alles geschafft, l\u00e4sst sich die Sto\u00dfstange (am besten zu zweit) ein St\u00fcck nach vorne wegziehen.<\/p>\n<p>Nun k\u00f6nnen wir die Scheinwerfer ausbauen.<\/p>\n<p><img data-recalc-dims=\"1\" loading=\"lazy\" decoding=\"async\" class=\"alignnone size-medium wp-image-81\" src=\"https:\/\/i0.wp.com\/livinlow.de.212-144-99-246.org-dns.com\/wp-content\/uploads\/2015\/04\/IMG_1925-300x225.jpg?resize=300%2C225\" alt=\"Scheinwerfer oben Passat 3C\" width=\"300\" height=\"225\" srcset=\"https:\/\/i0.wp.com\/livinlow.de\/wp-content\/uploads\/2015\/04\/IMG_1925.jpg?resize=300%2C225&amp;ssl=1 300w, https:\/\/i0.wp.com\/livinlow.de\/wp-content\/uploads\/2015\/04\/IMG_1925.jpg?resize=1024%2C768&amp;ssl=1 1024w, https:\/\/i0.wp.com\/livinlow.de\/wp-content\/uploads\/2015\/04\/IMG_1925.jpg?w=1280&amp;ssl=1 1280w, https:\/\/i0.wp.com\/livinlow.de\/wp-content\/uploads\/2015\/04\/IMG_1925.jpg?w=1920&amp;ssl=1 1920w\" sizes=\"auto, (max-width: 300px) 100vw, 300px\" \/><\/p>\n<p>Zum Leuchtmittelwechsel selbst gibt es nicht viel zu sagen &#8211; Klappe auf, alte Brenner raus, neue Brenner rein, Klappe zu.<\/p>\n<p>Nun erfolgt die ganze Prozedur r\u00fcckw\u00e4rts.<\/p>\n<p>Anschlie\u00dfend sollten die Scheinwerfer nat\u00fcrlich wieder eingestellt werden. Ich pers\u00f6nlich habe es bei VW machen lassen.<\/p>\n<p>Bitte beachtet, dass die neuen Brenner eine gewisse &#8222;Einbrennzeit&#8220; brauchen, bis sie ihre volle Leuchtkraft entfalten.<\/p>\n","protected":false},"excerpt":{"rendered":"<p>Heute m\u00f6chten wir erkl\u00e4ren, wie man beim Passat 3C\/B6 die Xenon-Brenner wechseln kann. Nat\u00fcrlich scheiden sich wie so oft die Geister, welche Leuchtmittel die besten sind. Nach einigen \u00dcberlegungen habe ich mich f\u00fcr diese Brenner entschieden. Leider bin ich nicht dazu gekommen Bilder zu machen, ich versuche aber diese nachzureichen. Was brauchen wir? einen kleinen [&hellip;]<\/p>\n","protected":false},"author":1,"featured_media":52,"parent":39,"menu_order":0,"comment_status":"open","ping_status":"open","template":"","meta":{"_monsterinsights_skip_tracking":false,"_monsterinsights_sitenote_active":false,"_monsterinsights_sitenote_note":"","_monsterinsights_sitenote_category":0,"jetpack_post_was_ever_published":false,"footnotes":""},"class_list":["post-43","page","type-page","status-publish","has-post-thumbnail","hentry"],"jetpack_shortlink":"https:\/\/wp.me\/P4yNfs-H","jetpack_sharing_enabled":true,"jetpack_likes_enabled":true,"jetpack-related-posts":[],"_links":{"self":[{"href":"https:\/\/livinlow.de\/index.php?rest_route=\/wp\/v2\/pages\/43","targetHints":{"allow":["GET"]}}],"collection":[{"href":"https:\/\/livinlow.de\/index.php?rest_route=\/wp\/v2\/pages"}],"about":[{"href":"https:\/\/livinlow.de\/index.php?rest_route=\/wp\/v2\/types\/page"}],"author":[{"embeddable":true,"href":"https:\/\/livinlow.de\/index.php?rest_route=\/wp\/v2\/users\/1"}],"replies":[{"embeddable":true,"href":"https:\/\/livinlow.de\/index.php?rest_route=%2Fwp%2Fv2%2Fcomments&post=43"}],"version-history":[{"count":17,"href":"https:\/\/livinlow.de\/index.php?rest_route=\/wp\/v2\/pages\/43\/revisions"}],"predecessor-version":[{"id":311,"href":"https:\/\/livinlow.de\/index.php?rest_route=\/wp\/v2\/pages\/43\/revisions\/311"}],"up":[{"embeddable":true,"href":"https:\/\/livinlow.de\/index.php?rest_route=\/wp\/v2\/pages\/39"}],"wp:featuredmedia":[{"embeddable":true,"href":"https:\/\/livinlow.de\/index.php?rest_route=\/wp\/v2\/media\/52"}],"wp:attachment":[{"href":"https:\/\/livinlow.de\/index.php?rest_route=%2Fwp%2Fv2%2Fmedia&parent=43"}],"curies":[{"name":"wp","href":"https:\/\/api.w.org\/{rel}","templated":true}]}}