{"id":251,"date":"2017-03-11T10:44:43","date_gmt":"2017-03-11T09:44:43","guid":{"rendered":"http:\/\/www.livinlow.de\/?page_id=251"},"modified":"2017-03-12T11:04:35","modified_gmt":"2017-03-12T10:04:35","slug":"mercedes-wagenheber-bauen","status":"publish","type":"page","link":"https:\/\/livinlow.de\/?page_id=251","title":{"rendered":"Mercedes &#8211; Wagenheber bauen"},"content":{"rendered":"<div class=\"pdfprnt-buttons pdfprnt-buttons-page pdfprnt-top-right\"><a href=\"https:\/\/livinlow.de\/index.php?rest_route=wpv2pages251&print=pdf\" class=\"pdfprnt-button pdfprnt-button-pdf\" target=\"_blank\"><img data-recalc-dims=\"1\" decoding=\"async\" src=\"https:\/\/i0.wp.com\/livinlow.de\/wp-content\/plugins\/pdf-print\/images\/pdf.png?w=640&#038;ssl=1\" alt=\"image_pdf\" title=\"PDF anzeigen\" \/><\/a><a href=\"https:\/\/livinlow.de\/index.php?rest_route=wpv2pages251&print=print\" class=\"pdfprnt-button pdfprnt-button-print\" target=\"_blank\"><img data-recalc-dims=\"1\" decoding=\"async\" src=\"https:\/\/i0.wp.com\/livinlow.de\/wp-content\/plugins\/pdf-print\/images\/print.png?w=640&#038;ssl=1\" alt=\"image_print\" title=\"Inhalt drucken\" \/><\/a><\/div><p>Heute beschreiben wir, wie wir uns in Ermangelung eines mitgelieferten Wagenhebers f\u00fcr unseren Benz einen Wagenheberadapter gebaut haben.<\/p>\n<p>Der Adapter passt auf jeden Fall f\u00fcr die C-Klasse Baureihe 204, aber sicher auf f\u00fcr viele weitere MB-Baureihen.<\/p>\n<p>F\u00fcr etwaige Sch\u00e4den an Mensch und Maschine k\u00f6nnen wir nat\u00fcrlich wie immer keine Haftung \u00fcbernehmen.<\/p>\n<p><strong>Was wir dazu brauchen?<\/strong><\/p>\n<ul>\n<li>Ein handels\u00fcblicher Rangierwagenheber (z.B. <a rel=\"nofollow\" href=\"http:\/\/www.amazon.com\/gp\/product\/B001B44QPE?ie=UTF8&amp;linkCode=xm2&amp;camp=2025&amp;creative=6738&amp;tag=&amp;creativeASIN=B001B44QPE&amp;SubscriptionId=AKPASWHN7U1742678737\">hier<\/a>)<\/li>\n<li>Ein Eishockeypuck (z.B <a rel=\"nofollow\" href=\"http:\/\/www.amazon.com\/gp\/product\/B0146GELTE?ie=UTF8&amp;linkCode=xm2&amp;camp=2025&amp;creative=6738&amp;tag=&amp;creativeASIN=B0146GELTE&amp;SubscriptionId=AKPASWHN7U1742678737\">hier<\/a>)<\/li>\n<li>Einen Kunststoffklotz der in die Aufnahme am Fahrzeug passt (etwa 60x40x40 mm)<\/li>\n<li>2 Zylinderkopfschrauben<\/li>\n<li>Werkzeug (Bohrer, Zapfensenker, Gewindebohrer usw.)<\/li>\n<\/ul>\n<p><strong>Wie es geht<\/strong><\/p>\n<p>Zun\u00e4chst mussten wir den Eishockeypuck an unseren Wagenheber anpassen. Gl\u00fccklicherweise besitzt ein Freund von uns eine Drehbank, sodass wir nur die Ma\u00dfe des Tellers abnahmen und er uns eine passende Nut in den Puck drehen konnte.<\/p>\n<p><a href=\"https:\/\/i0.wp.com\/livinlow.de\/wp-content\/uploads\/2017\/03\/img_3290-1.jpg?ssl=1\"><img data-recalc-dims=\"1\" loading=\"lazy\" decoding=\"async\" class=\"alignnone wp-image-253 size-medium\" src=\"https:\/\/i0.wp.com\/livinlow.de\/wp-content\/uploads\/2017\/03\/img_3290-1.jpg?resize=300%2C225&#038;ssl=1\" alt=\"\" width=\"300\" height=\"225\" srcset=\"https:\/\/i0.wp.com\/livinlow.de\/wp-content\/uploads\/2017\/03\/img_3290-1.jpg?resize=300%2C225&amp;ssl=1 300w, https:\/\/i0.wp.com\/livinlow.de\/wp-content\/uploads\/2017\/03\/img_3290-1.jpg?resize=768%2C576&amp;ssl=1 768w, https:\/\/i0.wp.com\/livinlow.de\/wp-content\/uploads\/2017\/03\/img_3290-1.jpg?resize=1024%2C768&amp;ssl=1 1024w, https:\/\/i0.wp.com\/livinlow.de\/wp-content\/uploads\/2017\/03\/img_3290-1.jpg?w=1280&amp;ssl=1 1280w, https:\/\/i0.wp.com\/livinlow.de\/wp-content\/uploads\/2017\/03\/img_3290-1.jpg?w=1920&amp;ssl=1 1920w\" sizes=\"auto, (max-width: 300px) 100vw, 300px\" \/>\u00a0<\/a><a href=\"https:\/\/i0.wp.com\/livinlow.de\/wp-content\/uploads\/2017\/03\/img_3288-1.jpg?ssl=1\"><img data-recalc-dims=\"1\" loading=\"lazy\" decoding=\"async\" class=\"alignnone wp-image-254 size-medium\" src=\"https:\/\/i0.wp.com\/livinlow.de\/wp-content\/uploads\/2017\/03\/img_3288-1.jpg?resize=300%2C225&#038;ssl=1\" alt=\"\" width=\"300\" height=\"225\" srcset=\"https:\/\/i0.wp.com\/livinlow.de\/wp-content\/uploads\/2017\/03\/img_3288-1.jpg?resize=300%2C225&amp;ssl=1 300w, https:\/\/i0.wp.com\/livinlow.de\/wp-content\/uploads\/2017\/03\/img_3288-1.jpg?resize=768%2C576&amp;ssl=1 768w, https:\/\/i0.wp.com\/livinlow.de\/wp-content\/uploads\/2017\/03\/img_3288-1.jpg?resize=1024%2C768&amp;ssl=1 1024w, https:\/\/i0.wp.com\/livinlow.de\/wp-content\/uploads\/2017\/03\/img_3288-1.jpg?w=1280&amp;ssl=1 1280w, https:\/\/i0.wp.com\/livinlow.de\/wp-content\/uploads\/2017\/03\/img_3288-1.jpg?w=1920&amp;ssl=1 1920w\" sizes=\"auto, (max-width: 300px) 100vw, 300px\" \/><\/a><\/p>\n<p>Anschlie\u00dfend haben wir in unseren bereits auf Ma\u00df ges\u00e4gten Kunststoffklotz zwei Gewinde geschnitten. In den Puck bohrten wir dann dazu passende Durchgangsl\u00f6cher und brachten Flachsenkungen f\u00fcr die Zylinderkopfschrauben ein. Nun mussten wir den Klotz nur noch mit dem Puck verschrauben.<\/p>\n<p><a href=\"https:\/\/i0.wp.com\/livinlow.de\/wp-content\/uploads\/2017\/03\/img_3287-1.jpg?ssl=1\"><img data-recalc-dims=\"1\" loading=\"lazy\" decoding=\"async\" class=\"alignnone wp-image-252 size-medium\" src=\"https:\/\/i0.wp.com\/livinlow.de\/wp-content\/uploads\/2017\/03\/img_3287-1.jpg?resize=300%2C225&#038;ssl=1\" alt=\"\" width=\"300\" height=\"225\" srcset=\"https:\/\/i0.wp.com\/livinlow.de\/wp-content\/uploads\/2017\/03\/img_3287-1.jpg?resize=300%2C225&amp;ssl=1 300w, https:\/\/i0.wp.com\/livinlow.de\/wp-content\/uploads\/2017\/03\/img_3287-1.jpg?resize=768%2C576&amp;ssl=1 768w, https:\/\/i0.wp.com\/livinlow.de\/wp-content\/uploads\/2017\/03\/img_3287-1.jpg?resize=1024%2C768&amp;ssl=1 1024w, https:\/\/i0.wp.com\/livinlow.de\/wp-content\/uploads\/2017\/03\/img_3287-1.jpg?w=1280&amp;ssl=1 1280w, https:\/\/i0.wp.com\/livinlow.de\/wp-content\/uploads\/2017\/03\/img_3287-1.jpg?w=1920&amp;ssl=1 1920w\" sizes=\"auto, (max-width: 300px) 100vw, 300px\" \/><\/a>\u00a0<a href=\"https:\/\/i0.wp.com\/livinlow.de\/wp-content\/uploads\/2017\/03\/img_3289-1.jpg?ssl=1\"><img data-recalc-dims=\"1\" loading=\"lazy\" decoding=\"async\" class=\"alignnone wp-image-255 size-medium\" src=\"https:\/\/i0.wp.com\/livinlow.de\/wp-content\/uploads\/2017\/03\/img_3289-1.jpg?resize=300%2C225&#038;ssl=1\" alt=\"\" width=\"300\" height=\"225\" srcset=\"https:\/\/i0.wp.com\/livinlow.de\/wp-content\/uploads\/2017\/03\/img_3289-1.jpg?resize=300%2C225&amp;ssl=1 300w, https:\/\/i0.wp.com\/livinlow.de\/wp-content\/uploads\/2017\/03\/img_3289-1.jpg?resize=768%2C576&amp;ssl=1 768w, https:\/\/i0.wp.com\/livinlow.de\/wp-content\/uploads\/2017\/03\/img_3289-1.jpg?resize=1024%2C768&amp;ssl=1 1024w, https:\/\/i0.wp.com\/livinlow.de\/wp-content\/uploads\/2017\/03\/img_3289-1.jpg?w=1280&amp;ssl=1 1280w, https:\/\/i0.wp.com\/livinlow.de\/wp-content\/uploads\/2017\/03\/img_3289-1.jpg?w=1920&amp;ssl=1 1920w\" sizes=\"auto, (max-width: 300px) 100vw, 300px\" \/><\/a><\/p>\n<p>Anbei noch ein Bild vom ersten Einsatz. Bitte entschuldigt das winterlich verdreckte Fahrzeug \ud83d\ude09<\/p>\n<figure id=\"attachment_256\" aria-describedby=\"caption-attachment-256\" style=\"width: 300px\" class=\"wp-caption alignnone\"><a href=\"https:\/\/i0.wp.com\/livinlow.de\/wp-content\/uploads\/2017\/03\/img_3383-1.jpg?ssl=1\"><img data-recalc-dims=\"1\" loading=\"lazy\" decoding=\"async\" class=\"wp-image-256 size-medium\" src=\"https:\/\/i0.wp.com\/livinlow.de\/wp-content\/uploads\/2017\/03\/img_3383-1.jpg?resize=300%2C225&#038;ssl=1\" alt=\"\" width=\"300\" height=\"225\" srcset=\"https:\/\/i0.wp.com\/livinlow.de\/wp-content\/uploads\/2017\/03\/img_3383-1.jpg?resize=300%2C225&amp;ssl=1 300w, https:\/\/i0.wp.com\/livinlow.de\/wp-content\/uploads\/2017\/03\/img_3383-1.jpg?resize=768%2C576&amp;ssl=1 768w, https:\/\/i0.wp.com\/livinlow.de\/wp-content\/uploads\/2017\/03\/img_3383-1.jpg?resize=1024%2C768&amp;ssl=1 1024w, https:\/\/i0.wp.com\/livinlow.de\/wp-content\/uploads\/2017\/03\/img_3383-1.jpg?w=1280&amp;ssl=1 1280w, https:\/\/i0.wp.com\/livinlow.de\/wp-content\/uploads\/2017\/03\/img_3383-1.jpg?w=1920&amp;ssl=1 1920w\" sizes=\"auto, (max-width: 300px) 100vw, 300px\" \/><\/a><figcaption id=\"caption-attachment-256\" class=\"wp-caption-text\">Der Wagenheber in Aktion<\/figcaption><\/figure>\n<p><strong>Viel Spa\u00df beim nachbauen!<\/strong><\/p>\n<p>&nbsp;<\/p>\n","protected":false},"excerpt":{"rendered":"<p>Heute beschreiben wir, wie wir uns in Ermangelung eines mitgelieferten Wagenhebers f\u00fcr unseren Benz einen Wagenheberadapter gebaut haben. Der Adapter passt auf jeden Fall f\u00fcr die C-Klasse Baureihe 204, aber sicher auf f\u00fcr viele weitere MB-Baureihen. F\u00fcr etwaige Sch\u00e4den an Mensch und Maschine k\u00f6nnen wir nat\u00fcrlich wie immer keine Haftung \u00fcbernehmen. Was wir dazu brauchen? [&hellip;]<\/p>\n","protected":false},"author":1,"featured_media":245,"parent":262,"menu_order":0,"comment_status":"closed","ping_status":"closed","template":"","meta":{"_monsterinsights_skip_tracking":false,"_monsterinsights_sitenote_active":false,"_monsterinsights_sitenote_note":"","_monsterinsights_sitenote_category":0,"jetpack_post_was_ever_published":false,"footnotes":""},"class_list":["post-251","page","type-page","status-publish","has-post-thumbnail","hentry"],"jetpack_shortlink":"https:\/\/wp.me\/P4yNfs-43","jetpack_sharing_enabled":true,"jetpack_likes_enabled":true,"jetpack-related-posts":[],"_links":{"self":[{"href":"https:\/\/livinlow.de\/index.php?rest_route=\/wp\/v2\/pages\/251","targetHints":{"allow":["GET"]}}],"collection":[{"href":"https:\/\/livinlow.de\/index.php?rest_route=\/wp\/v2\/pages"}],"about":[{"href":"https:\/\/livinlow.de\/index.php?rest_route=\/wp\/v2\/types\/page"}],"author":[{"embeddable":true,"href":"https:\/\/livinlow.de\/index.php?rest_route=\/wp\/v2\/users\/1"}],"replies":[{"embeddable":true,"href":"https:\/\/livinlow.de\/index.php?rest_route=%2Fwp%2Fv2%2Fcomments&post=251"}],"version-history":[{"count":4,"href":"https:\/\/livinlow.de\/index.php?rest_route=\/wp\/v2\/pages\/251\/revisions"}],"predecessor-version":[{"id":264,"href":"https:\/\/livinlow.de\/index.php?rest_route=\/wp\/v2\/pages\/251\/revisions\/264"}],"up":[{"embeddable":true,"href":"https:\/\/livinlow.de\/index.php?rest_route=\/wp\/v2\/pages\/262"}],"wp:featuredmedia":[{"embeddable":true,"href":"https:\/\/livinlow.de\/index.php?rest_route=\/wp\/v2\/media\/245"}],"wp:attachment":[{"href":"https:\/\/livinlow.de\/index.php?rest_route=%2Fwp%2Fv2%2Fmedia&parent=251"}],"curies":[{"name":"wp","href":"https:\/\/api.w.org\/{rel}","templated":true}]}}