{"id":189,"date":"2015-11-28T11:44:10","date_gmt":"2015-11-28T10:44:10","guid":{"rendered":"http:\/\/www.livinlow.de\/?page_id=189"},"modified":"2015-11-28T11:46:40","modified_gmt":"2015-11-28T10:46:40","slug":"passat-3c-innenraumfilter-wechseln","status":"publish","type":"page","link":"https:\/\/livinlow.de\/?page_id=189","title":{"rendered":"Passat 3C &#8211; Innenraumfilter wechseln"},"content":{"rendered":"<div class=\"pdfprnt-buttons pdfprnt-buttons-page pdfprnt-top-right\"><a href=\"https:\/\/livinlow.de\/index.php?rest_route=wpv2pages189&print=pdf\" class=\"pdfprnt-button pdfprnt-button-pdf\" target=\"_blank\"><img data-recalc-dims=\"1\" decoding=\"async\" src=\"https:\/\/i0.wp.com\/livinlow.de\/wp-content\/plugins\/pdf-print\/images\/pdf.png?w=640&#038;ssl=1\" alt=\"image_pdf\" title=\"PDF anzeigen\" \/><\/a><a href=\"https:\/\/livinlow.de\/index.php?rest_route=wpv2pages189&print=print\" class=\"pdfprnt-button pdfprnt-button-print\" target=\"_blank\"><img data-recalc-dims=\"1\" decoding=\"async\" src=\"https:\/\/i0.wp.com\/livinlow.de\/wp-content\/plugins\/pdf-print\/images\/print.png?w=640&#038;ssl=1\" alt=\"image_print\" title=\"Inhalt drucken\" \/><\/a><\/div><p>Heute m\u00f6chten wir erkl\u00e4ren, wie man beim Passat 3C\/B6 den Innenraumfilter\/Pollenfilter wechseln kann.<\/p>\n<p><strong>Was brauchen wir?<\/strong><\/p>\n<ul>\n<li>einen\u00a0neuen Pollenfilter &#8211; am besten einen Aktivkohlefilter (z.B.\u00a0<a rel=\"nofollow\" href=\"http:\/\/www.amazon.com\/gp\/product\/B006DHPR1G?ie=UTF8&amp;linkCode=xm2&amp;camp=2025&amp;creative=6738&amp;tag=&amp;creativeASIN=B006DHPR1G&amp;SubscriptionId=AKPASWHN7U1742678737\">diesen<\/a>)<\/li>\n<li>ein paar Minuten Zeit<\/li>\n<\/ul>\n<p><strong>Wie funktioniert\u2019s?<\/strong><\/p>\n<p>Der Pollenfilter sitzt beim Passat 3C im Beifahrerfu\u00dfraum hinter dem Handschuhfach, der Wechsel funktioniert recht einfach und schnell. Zun\u00e4chst m\u00fcssen die Verriegelungen ge\u00f6ffnet werden. Anschlie\u00dfend kann die Schaumstoffabdeckung entfernt werden, wodurch man an den Filter gelangt.<\/p>\n<p>&nbsp;<\/p>\n<p><a href=\"https:\/\/i0.wp.com\/livinlow.de\/wp-content\/uploads\/2015\/11\/IMG_0088.jpg?ssl=1\"><img data-recalc-dims=\"1\" loading=\"lazy\" decoding=\"async\" class=\"alignnone size-medium wp-image-170\" src=\"https:\/\/i0.wp.com\/livinlow.de\/wp-content\/uploads\/2015\/11\/IMG_0088.jpg?resize=300%2C225&#038;ssl=1\" alt=\"Einbauort Pollenfilter\" width=\"300\" height=\"225\" srcset=\"https:\/\/i0.wp.com\/livinlow.de\/wp-content\/uploads\/2015\/11\/IMG_0088.jpg?resize=300%2C225&amp;ssl=1 300w, https:\/\/i0.wp.com\/livinlow.de\/wp-content\/uploads\/2015\/11\/IMG_0088.jpg?resize=1024%2C768&amp;ssl=1 1024w, https:\/\/i0.wp.com\/livinlow.de\/wp-content\/uploads\/2015\/11\/IMG_0088.jpg?w=1280&amp;ssl=1 1280w, https:\/\/i0.wp.com\/livinlow.de\/wp-content\/uploads\/2015\/11\/IMG_0088.jpg?w=1920&amp;ssl=1 1920w\" sizes=\"auto, (max-width: 300px) 100vw, 300px\" \/><\/a> <a href=\"https:\/\/i0.wp.com\/livinlow.de\/wp-content\/uploads\/2015\/11\/IMG_0089.jpg?ssl=1\"><img data-recalc-dims=\"1\" loading=\"lazy\" decoding=\"async\" class=\"alignnone size-medium wp-image-171\" src=\"https:\/\/i0.wp.com\/livinlow.de\/wp-content\/uploads\/2015\/11\/IMG_0089.jpg?resize=300%2C225&#038;ssl=1\" alt=\"Einbauort Pollenfilter\" width=\"300\" height=\"225\" srcset=\"https:\/\/i0.wp.com\/livinlow.de\/wp-content\/uploads\/2015\/11\/IMG_0089.jpg?resize=300%2C225&amp;ssl=1 300w, https:\/\/i0.wp.com\/livinlow.de\/wp-content\/uploads\/2015\/11\/IMG_0089.jpg?resize=1024%2C768&amp;ssl=1 1024w, https:\/\/i0.wp.com\/livinlow.de\/wp-content\/uploads\/2015\/11\/IMG_0089.jpg?w=1280&amp;ssl=1 1280w, https:\/\/i0.wp.com\/livinlow.de\/wp-content\/uploads\/2015\/11\/IMG_0089.jpg?w=1920&amp;ssl=1 1920w\" sizes=\"auto, (max-width: 300px) 100vw, 300px\" \/><\/a><\/p>\n<p>Nun kann man den Kunststoffdeckel entriegeln (Pfeile beachten) und den Filter vorsichtig nach unten herausziehen.<\/p>\n<p><a href=\"https:\/\/i0.wp.com\/livinlow.de\/wp-content\/uploads\/2015\/11\/IMG_0090.jpg?ssl=1\"><img data-recalc-dims=\"1\" loading=\"lazy\" decoding=\"async\" class=\"alignnone size-medium wp-image-172\" src=\"https:\/\/i0.wp.com\/livinlow.de\/wp-content\/uploads\/2015\/11\/IMG_0090.jpg?resize=300%2C225&#038;ssl=1\" alt=\"Alter Pollenfilter\" width=\"300\" height=\"225\" srcset=\"https:\/\/i0.wp.com\/livinlow.de\/wp-content\/uploads\/2015\/11\/IMG_0090.jpg?resize=300%2C225&amp;ssl=1 300w, https:\/\/i0.wp.com\/livinlow.de\/wp-content\/uploads\/2015\/11\/IMG_0090.jpg?resize=1024%2C768&amp;ssl=1 1024w, https:\/\/i0.wp.com\/livinlow.de\/wp-content\/uploads\/2015\/11\/IMG_0090.jpg?w=1280&amp;ssl=1 1280w, https:\/\/i0.wp.com\/livinlow.de\/wp-content\/uploads\/2015\/11\/IMG_0090.jpg?w=1920&amp;ssl=1 1920w\" sizes=\"auto, (max-width: 300px) 100vw, 300px\" \/><\/a> <a href=\"https:\/\/i0.wp.com\/livinlow.de\/wp-content\/uploads\/2015\/11\/IMG_0092.jpg?ssl=1\"><img data-recalc-dims=\"1\" loading=\"lazy\" decoding=\"async\" class=\"alignnone size-medium wp-image-173\" src=\"https:\/\/i0.wp.com\/livinlow.de\/wp-content\/uploads\/2015\/11\/IMG_0092.jpg?resize=300%2C225&#038;ssl=1\" alt=\"Alter Pollenfilter\" width=\"300\" height=\"225\" srcset=\"https:\/\/i0.wp.com\/livinlow.de\/wp-content\/uploads\/2015\/11\/IMG_0092.jpg?resize=300%2C225&amp;ssl=1 300w, https:\/\/i0.wp.com\/livinlow.de\/wp-content\/uploads\/2015\/11\/IMG_0092.jpg?resize=1024%2C768&amp;ssl=1 1024w, https:\/\/i0.wp.com\/livinlow.de\/wp-content\/uploads\/2015\/11\/IMG_0092.jpg?w=1280&amp;ssl=1 1280w, https:\/\/i0.wp.com\/livinlow.de\/wp-content\/uploads\/2015\/11\/IMG_0092.jpg?w=1920&amp;ssl=1 1920w\" sizes=\"auto, (max-width: 300px) 100vw, 300px\" \/><\/a><\/p>\n<p>Wie man sieht war es bei unserem Fahrzeug definitiv Zeit f\u00fcr einen Filterwechsel.<\/p>\n<p>Der neue Filter wird dann einfach lagerichtig wieder eingef\u00e4delt. Anschlie\u00dfend wird die Kunststoffabdeckung wieder aufgesetzt und verriegelt. Zum Schluss noch vorsichtig die Schaumstoffmatte wieder einsetzen und die Verriegelungen schlie\u00dfen &#8211;\u00a0<strong>Das war&#8217;s \ud83d\ude42<\/strong><\/p>\n<div data-test='contact-form' id='contact-form-189' class='wp-block-jetpack-contact-form-container '>\n<form action='https:\/\/livinlow.de\/?page_id=189#contact-form-189' method='post' class='contact-form commentsblock' aria-label=\"Passat 3C - Innenraumfilter wechseln\" novalidate>\n\n<div style=\"\" class='grunion-field-name-wrap grunion-field-wrap'  >\n<label\n\t\t\t\tfor='g189-name'\n\t\t\t\tclass='grunion-field-label name'>Name<span class=\"grunion-label-required\" aria-hidden=\"true\">(erforderlich)<\/span><\/label>\n<input\n\t\t\t\t\ttype='text'\n\t\t\t\t\tname='g189-name'\n\t\t\t\t\tid='g189-name'\n\t\t\t\t\tvalue=''\n\t\t\t\t\tclass='name  grunion-field' \n\t\t\t\t\trequired aria-required='true' \/>\n\t<\/div>\n\n<div style=\"\" class='grunion-field-email-wrap grunion-field-wrap'  >\n<label\n\t\t\t\tfor='g189-email'\n\t\t\t\tclass='grunion-field-label email'>E-Mail<span class=\"grunion-label-required\" aria-hidden=\"true\">(erforderlich)<\/span><\/label>\n<input\n\t\t\t\t\ttype='email'\n\t\t\t\t\tname='g189-email'\n\t\t\t\t\tid='g189-email'\n\t\t\t\t\tvalue=''\n\t\t\t\t\tclass='email  grunion-field' \n\t\t\t\t\trequired aria-required='true' \/>\n\t<\/div>\n\n<div style=\"\" class='grunion-field-url-wrap grunion-field-wrap'  >\n<label\n\t\t\t\tfor='g189-webseite'\n\t\t\t\tclass='grunion-field-label url'>Webseite<\/label>\n<input\n\t\t\t\t\ttype='text'\n\t\t\t\t\tname='g189-webseite'\n\t\t\t\t\tid='g189-webseite'\n\t\t\t\t\tvalue=''\n\t\t\t\t\tclass='url  grunion-field' \n\t\t\t\t\ttitle=\"Bitte gib eine g\u00fcltige URL ein\u00a0\u2013 https:\/\/www.example.com\" oninvalid=\"setCustomValidity(&quot;Bitte gib eine g\u00fcltige URL ein\u00a0\u2013 https:\/\/www.example.com&quot;)\" oninput=\"setCustomValidity(&quot;&quot;)\" pattern=\"(?:(?:[Hh][Tt][Tt][Pp][Ss]?|[Ff][Tt][Pp]):\\\/\\\/)?(?:\\S+(?::\\S*)?@|\\d{1,3}(?:\\.\\d{1,3}){3}|(?:(?:[a-zA-Z\\d\\u00a1-\\uffff]+-?)*[a-zA-Z\\d\\u00a1-\\uffff]+)(?:\\.(?:[a-zA-Z\\d\\u00a1-\\uffff]+-?)*[a-zA-Z\\d\\u00a1-\\uffff]+)*(?:\\.[a-zA-Z\\u00a1-\\uffff]{2,6}))(?::\\d+)?(?:[^\\s]*)?\" data-type-override=\"url\"  \/>\n\t<\/div>\n\n<div style=\"\" class='grunion-field-textarea-wrap grunion-field-wrap'  >\n<label\n\t\t\t\tfor='contact-form-comment-g189-kommentar'\n\t\t\t\tclass='grunion-field-label textarea'>Kommentar<span class=\"grunion-label-required\" aria-hidden=\"true\">(erforderlich)<\/span><\/label>\n<textarea\n\t\t                style=''\n\t\t                name='g189-kommentar'\n\t\t                id='contact-form-comment-g189-kommentar'\n\t\t                rows='20' class='textarea  grunion-field'  required aria-required='true'><\/textarea>\n\t<\/div>\n\t<p class='contact-submit'>\n\t\t<button type='submit' class='pushbutton-wide'>Senden<\/button>\t\t<input type='hidden' name='contact-form-id' value='189' \/>\n\t\t<input type='hidden' name='action' value='grunion-contact-form' \/>\n\t\t<input type='hidden' name='contact-form-hash' value='b2a99d1f5274722a429dd6ef54ff87e2f5e80338' \/>\n\t<\/p>\n<p style=\"display: none !important;\" class=\"akismet-fields-container\" data-prefix=\"ak_\"><label>&#916;<textarea name=\"ak_hp_textarea\" cols=\"45\" rows=\"8\" maxlength=\"100\"><\/textarea><\/label><input type=\"hidden\" id=\"ak_js_1\" name=\"ak_js\" value=\"141\"\/><script>document.getElementById( \"ak_js_1\" ).setAttribute( \"value\", ( new Date() ).getTime() );<\/script><\/p><\/form>\n<\/div>\n","protected":false},"excerpt":{"rendered":"<p>Heute m\u00f6chten wir erkl\u00e4ren, wie man beim Passat 3C\/B6 den Innenraumfilter\/Pollenfilter wechseln kann. Was brauchen wir? einen\u00a0neuen Pollenfilter &#8211; am besten einen Aktivkohlefilter (z.B.\u00a0diesen) ein paar Minuten Zeit Wie funktioniert\u2019s? Der Pollenfilter sitzt beim Passat 3C im Beifahrerfu\u00dfraum hinter dem Handschuhfach, der Wechsel funktioniert recht einfach und schnell. Zun\u00e4chst m\u00fcssen die Verriegelungen ge\u00f6ffnet werden. Anschlie\u00dfend [&hellip;]<\/p>\n","protected":false},"author":1,"featured_media":0,"parent":39,"menu_order":0,"comment_status":"closed","ping_status":"closed","template":"","meta":{"_monsterinsights_skip_tracking":false,"_monsterinsights_sitenote_active":false,"_monsterinsights_sitenote_note":"","_monsterinsights_sitenote_category":0,"jetpack_post_was_ever_published":false,"footnotes":""},"class_list":["post-189","page","type-page","status-publish","hentry"],"jetpack_shortlink":"https:\/\/wp.me\/P4yNfs-33","jetpack_sharing_enabled":true,"jetpack_likes_enabled":true,"jetpack-related-posts":[],"_links":{"self":[{"href":"https:\/\/livinlow.de\/index.php?rest_route=\/wp\/v2\/pages\/189","targetHints":{"allow":["GET"]}}],"collection":[{"href":"https:\/\/livinlow.de\/index.php?rest_route=\/wp\/v2\/pages"}],"about":[{"href":"https:\/\/livinlow.de\/index.php?rest_route=\/wp\/v2\/types\/page"}],"author":[{"embeddable":true,"href":"https:\/\/livinlow.de\/index.php?rest_route=\/wp\/v2\/users\/1"}],"replies":[{"embeddable":true,"href":"https:\/\/livinlow.de\/index.php?rest_route=%2Fwp%2Fv2%2Fcomments&post=189"}],"version-history":[{"count":5,"href":"https:\/\/livinlow.de\/index.php?rest_route=\/wp\/v2\/pages\/189\/revisions"}],"predecessor-version":[{"id":196,"href":"https:\/\/livinlow.de\/index.php?rest_route=\/wp\/v2\/pages\/189\/revisions\/196"}],"up":[{"embeddable":true,"href":"https:\/\/livinlow.de\/index.php?rest_route=\/wp\/v2\/pages\/39"}],"wp:attachment":[{"href":"https:\/\/livinlow.de\/index.php?rest_route=%2Fwp%2Fv2%2Fmedia&parent=189"}],"curies":[{"name":"wp","href":"https:\/\/api.w.org\/{rel}","templated":true}]}}