{"id":176,"date":"2015-11-23T12:03:17","date_gmt":"2015-11-23T11:03:17","guid":{"rendered":"http:\/\/www.livinlow.de\/?page_id=176"},"modified":"2015-11-28T09:18:51","modified_gmt":"2015-11-28T08:18:51","slug":"passat-3c-luftfilter-wechseln","status":"publish","type":"page","link":"https:\/\/livinlow.de\/?page_id=176","title":{"rendered":"Passat 3C &#8211; Luftfilter wechseln"},"content":{"rendered":"<div class=\"pdfprnt-buttons pdfprnt-buttons-page pdfprnt-top-right\"><a href=\"https:\/\/livinlow.de\/index.php?rest_route=wpv2pages176&print=pdf\" class=\"pdfprnt-button pdfprnt-button-pdf\" target=\"_blank\"><img data-recalc-dims=\"1\" decoding=\"async\" src=\"https:\/\/i0.wp.com\/livinlow.de\/wp-content\/plugins\/pdf-print\/images\/pdf.png?w=640&#038;ssl=1\" alt=\"image_pdf\" title=\"PDF anzeigen\" \/><\/a><a href=\"https:\/\/livinlow.de\/index.php?rest_route=wpv2pages176&print=print\" class=\"pdfprnt-button pdfprnt-button-print\" target=\"_blank\"><img data-recalc-dims=\"1\" decoding=\"async\" src=\"https:\/\/i0.wp.com\/livinlow.de\/wp-content\/plugins\/pdf-print\/images\/print.png?w=640&#038;ssl=1\" alt=\"image_print\" title=\"Inhalt drucken\" \/><\/a><\/div><p>Heute m\u00f6chten wir erkl\u00e4ren, wie man beim Passat 3C\/B6 den Luftfilter wechseln kann.<\/p>\n<p><strong>Was brauchen wir?<\/strong><\/p>\n<ul>\n<li>einen kleinen Ratschenkasten\u00a0oder Schraubenziehersatz mit\u00a0Torx-Bits (z.B.\u00a0<a rel=\"nofollow\" href=\"http:\/\/www.amazon.com\/gp\/product\/B009I4HRDW?ie=UTF8&amp;linkCode=xm2&amp;camp=2025&amp;creative=6738&amp;tag=&amp;creativeASIN=B009I4HRDW&amp;SubscriptionId=AKPASWHN7U1742678737\">diesen<\/a>)<\/li>\n<li>einen\u00a0neuen Luftfilter\u00a0(z.B.\u00a0<a rel=\"nofollow\" href=\"http:\/\/www.amazon.com\/gp\/product\/B006DHWEN0?ie=UTF8&amp;linkCode=xm2&amp;camp=2025&amp;creative=6738&amp;tag=&amp;creativeASIN=B006DHWEN0&amp;SubscriptionId=AKPASWHN7U1742678737\">diesen<\/a>)<\/li>\n<li>etwas Geduld und Fingerspitzengef\u00fchl<\/li>\n<\/ul>\n<p><strong>Wie funktioniert\u2019s?<\/strong><\/p>\n<p>Zun\u00e4chst muss nat\u00fcrlich die Motorhaube ge\u00f6ffnet werden. Hinter dem Scheinwerfer auf der Fahrerseite befindet sich der Luftfilterkasten, welchen es nun mit dem passenden Torx-Bit zu \u00f6ffnen gilt.<\/p>\n<p><a href=\"https:\/\/i0.wp.com\/livinlow.de\/wp-content\/uploads\/2015\/10\/IMG_0087.jpg?ssl=1\"><img data-recalc-dims=\"1\" loading=\"lazy\" decoding=\"async\" class=\"size-medium wp-image-121\" src=\"https:\/\/i0.wp.com\/livinlow.de\/wp-content\/uploads\/2015\/10\/IMG_0087.jpg?resize=300%2C225&#038;ssl=1\" alt=\"Filterkasten\" width=\"300\" height=\"225\" srcset=\"https:\/\/i0.wp.com\/livinlow.de\/wp-content\/uploads\/2015\/10\/IMG_0087.jpg?resize=300%2C225&amp;ssl=1 300w, https:\/\/i0.wp.com\/livinlow.de\/wp-content\/uploads\/2015\/10\/IMG_0087.jpg?resize=1024%2C768&amp;ssl=1 1024w, https:\/\/i0.wp.com\/livinlow.de\/wp-content\/uploads\/2015\/10\/IMG_0087.jpg?w=1280&amp;ssl=1 1280w, https:\/\/i0.wp.com\/livinlow.de\/wp-content\/uploads\/2015\/10\/IMG_0087.jpg?w=1920&amp;ssl=1 1920w\" sizes=\"auto, (max-width: 300px) 100vw, 300px\" \/><\/a><\/p>\n<p>Haben wir alle Schrauben entfernt k\u00f6nnen wir die alte Filtermatte herausnehmen und die Gelegenheit nutzen und den Kasten mit einem Lappen auszuwischen.<\/p>\n<p><a href=\"https:\/\/i0.wp.com\/livinlow.de\/wp-content\/uploads\/2015\/10\/IMG_0087.jpg?ssl=1\"><img data-recalc-dims=\"1\" loading=\"lazy\" decoding=\"async\" class=\"alignnone size-medium wp-image-166\" src=\"https:\/\/i0.wp.com\/livinlow.de\/wp-content\/uploads\/2015\/11\/IMG_0095.jpg?resize=300%2C225&#038;ssl=1\" alt=\"Luftfilterkasten (ge\u00f6ffnet)\" width=\"300\" height=\"225\" srcset=\"https:\/\/i0.wp.com\/livinlow.de\/wp-content\/uploads\/2015\/11\/IMG_0095.jpg?resize=300%2C225&amp;ssl=1 300w, https:\/\/i0.wp.com\/livinlow.de\/wp-content\/uploads\/2015\/11\/IMG_0095.jpg?resize=1024%2C768&amp;ssl=1 1024w, https:\/\/i0.wp.com\/livinlow.de\/wp-content\/uploads\/2015\/11\/IMG_0095.jpg?w=1280&amp;ssl=1 1280w, https:\/\/i0.wp.com\/livinlow.de\/wp-content\/uploads\/2015\/11\/IMG_0095.jpg?w=1920&amp;ssl=1 1920w\" sizes=\"auto, (max-width: 300px) 100vw, 300px\" \/><\/a><\/p>\n<p>Wie auf den Fotos zu erkennen ist, war der Luftfilter bei unserem Fahrzeug \u00fcberf\u00e4llig.<\/p>\n<p><a href=\"https:\/\/i0.wp.com\/livinlow.de\/wp-content\/uploads\/2015\/10\/IMG_0093.jpg?ssl=1\"><img data-recalc-dims=\"1\" loading=\"lazy\" decoding=\"async\" class=\"alignnone size-medium wp-image-129\" src=\"https:\/\/i0.wp.com\/livinlow.de\/wp-content\/uploads\/2015\/10\/IMG_0093.jpg?resize=300%2C225&#038;ssl=1\" alt=\"IMG_0093\" width=\"300\" height=\"225\" srcset=\"https:\/\/i0.wp.com\/livinlow.de\/wp-content\/uploads\/2015\/10\/IMG_0093.jpg?resize=300%2C225&amp;ssl=1 300w, https:\/\/i0.wp.com\/livinlow.de\/wp-content\/uploads\/2015\/10\/IMG_0093.jpg?resize=1024%2C768&amp;ssl=1 1024w, https:\/\/i0.wp.com\/livinlow.de\/wp-content\/uploads\/2015\/10\/IMG_0093.jpg?w=1280&amp;ssl=1 1280w, https:\/\/i0.wp.com\/livinlow.de\/wp-content\/uploads\/2015\/10\/IMG_0093.jpg?w=1920&amp;ssl=1 1920w\" sizes=\"auto, (max-width: 300px) 100vw, 300px\" \/>\u00a0<img data-recalc-dims=\"1\" loading=\"lazy\" decoding=\"async\" class=\"alignnone size-medium wp-image-165\" src=\"https:\/\/i0.wp.com\/livinlow.de\/wp-content\/uploads\/2015\/11\/IMG_0094.jpg?resize=300%2C225&#038;ssl=1\" alt=\"Alter Luftfillter\" width=\"300\" height=\"225\" srcset=\"https:\/\/i0.wp.com\/livinlow.de\/wp-content\/uploads\/2015\/11\/IMG_0094.jpg?resize=300%2C225&amp;ssl=1 300w, https:\/\/i0.wp.com\/livinlow.de\/wp-content\/uploads\/2015\/11\/IMG_0094.jpg?resize=1024%2C768&amp;ssl=1 1024w, https:\/\/i0.wp.com\/livinlow.de\/wp-content\/uploads\/2015\/11\/IMG_0094.jpg?w=1280&amp;ssl=1 1280w, https:\/\/i0.wp.com\/livinlow.de\/wp-content\/uploads\/2015\/11\/IMG_0094.jpg?w=1920&amp;ssl=1 1920w\" sizes=\"auto, (max-width: 300px) 100vw, 300px\" \/><\/a><\/p>\n<p>Der Neue sieht schon bedeutend besser aus \ud83d\ude09<\/p>\n<p><img data-recalc-dims=\"1\" loading=\"lazy\" decoding=\"async\" class=\"alignnone size-medium wp-image-167\" src=\"https:\/\/i0.wp.com\/livinlow.de\/wp-content\/uploads\/2015\/11\/IMG_0096.jpg?resize=300%2C225&#038;ssl=1\" alt=\"Neuer Luftfilter (eingebauter Zustand)\" width=\"300\" height=\"225\" srcset=\"https:\/\/i0.wp.com\/livinlow.de\/wp-content\/uploads\/2015\/11\/IMG_0096.jpg?resize=300%2C225&amp;ssl=1 300w, https:\/\/i0.wp.com\/livinlow.de\/wp-content\/uploads\/2015\/11\/IMG_0096.jpg?resize=1024%2C768&amp;ssl=1 1024w, https:\/\/i0.wp.com\/livinlow.de\/wp-content\/uploads\/2015\/11\/IMG_0096.jpg?w=1280&amp;ssl=1 1280w, https:\/\/i0.wp.com\/livinlow.de\/wp-content\/uploads\/2015\/11\/IMG_0096.jpg?w=1920&amp;ssl=1 1920w\" sizes=\"auto, (max-width: 300px) 100vw, 300px\" \/><\/p>\n<p>Anschlie\u00dfend kann das Oberteil wieder aufgesetzt und verschraubt werden.<\/p>\n<p><strong>Das war&#8217;s \ud83d\ude42<\/strong><\/p>\n<div data-test='contact-form' id='contact-form-176' class='wp-block-jetpack-contact-form-container '>\n<form action='https:\/\/livinlow.de\/?page_id=176#contact-form-176' method='post' class='contact-form commentsblock' aria-label=\"Passat 3C - Luftfilter wechseln\" novalidate>\n\n<div style=\"\" class='grunion-field-name-wrap grunion-field-wrap'  >\n<label\n\t\t\t\tfor='g176-name'\n\t\t\t\tclass='grunion-field-label name'>Name<span class=\"grunion-label-required\" aria-hidden=\"true\">(erforderlich)<\/span><\/label>\n<input\n\t\t\t\t\ttype='text'\n\t\t\t\t\tname='g176-name'\n\t\t\t\t\tid='g176-name'\n\t\t\t\t\tvalue=''\n\t\t\t\t\tclass='name  grunion-field' \n\t\t\t\t\trequired aria-required='true' \/>\n\t<\/div>\n\n<div style=\"\" class='grunion-field-email-wrap grunion-field-wrap'  >\n<label\n\t\t\t\tfor='g176-email'\n\t\t\t\tclass='grunion-field-label email'>E-Mail<span class=\"grunion-label-required\" aria-hidden=\"true\">(erforderlich)<\/span><\/label>\n<input\n\t\t\t\t\ttype='email'\n\t\t\t\t\tname='g176-email'\n\t\t\t\t\tid='g176-email'\n\t\t\t\t\tvalue=''\n\t\t\t\t\tclass='email  grunion-field' \n\t\t\t\t\trequired aria-required='true' \/>\n\t<\/div>\n\n<div style=\"\" class='grunion-field-url-wrap grunion-field-wrap'  >\n<label\n\t\t\t\tfor='g176-webseite'\n\t\t\t\tclass='grunion-field-label url'>Webseite<\/label>\n<input\n\t\t\t\t\ttype='text'\n\t\t\t\t\tname='g176-webseite'\n\t\t\t\t\tid='g176-webseite'\n\t\t\t\t\tvalue=''\n\t\t\t\t\tclass='url  grunion-field' \n\t\t\t\t\ttitle=\"Bitte gib eine g\u00fcltige URL ein\u00a0\u2013 https:\/\/www.example.com\" oninvalid=\"setCustomValidity(&quot;Bitte gib eine g\u00fcltige URL ein\u00a0\u2013 https:\/\/www.example.com&quot;)\" oninput=\"setCustomValidity(&quot;&quot;)\" pattern=\"(?:(?:[Hh][Tt][Tt][Pp][Ss]?|[Ff][Tt][Pp]):\\\/\\\/)?(?:\\S+(?::\\S*)?@|\\d{1,3}(?:\\.\\d{1,3}){3}|(?:(?:[a-zA-Z\\d\\u00a1-\\uffff]+-?)*[a-zA-Z\\d\\u00a1-\\uffff]+)(?:\\.(?:[a-zA-Z\\d\\u00a1-\\uffff]+-?)*[a-zA-Z\\d\\u00a1-\\uffff]+)*(?:\\.[a-zA-Z\\u00a1-\\uffff]{2,6}))(?::\\d+)?(?:[^\\s]*)?\" data-type-override=\"url\"  \/>\n\t<\/div>\n\n<div style=\"\" class='grunion-field-textarea-wrap grunion-field-wrap'  >\n<label\n\t\t\t\tfor='contact-form-comment-g176-kommentar'\n\t\t\t\tclass='grunion-field-label textarea'>Kommentar<span class=\"grunion-label-required\" aria-hidden=\"true\">(erforderlich)<\/span><\/label>\n<textarea\n\t\t                style=''\n\t\t                name='g176-kommentar'\n\t\t                id='contact-form-comment-g176-kommentar'\n\t\t                rows='20' class='textarea  grunion-field'  required aria-required='true'><\/textarea>\n\t<\/div>\n\t<p class='contact-submit'>\n\t\t<button type='submit' class='pushbutton-wide'>Senden<\/button>\t\t<input type='hidden' name='contact-form-id' value='176' \/>\n\t\t<input type='hidden' name='action' value='grunion-contact-form' \/>\n\t\t<input type='hidden' name='contact-form-hash' value='dd7f205ec900ea54a50298c1e3dfc1a3083ca6c7' \/>\n\t<\/p>\n<p style=\"display: none !important;\" class=\"akismet-fields-container\" data-prefix=\"ak_\"><label>&#916;<textarea name=\"ak_hp_textarea\" cols=\"45\" rows=\"8\" maxlength=\"100\"><\/textarea><\/label><input type=\"hidden\" id=\"ak_js_1\" name=\"ak_js\" value=\"173\"\/><script>document.getElementById( \"ak_js_1\" ).setAttribute( \"value\", ( new Date() ).getTime() );<\/script><\/p><\/form>\n<\/div>\n","protected":false},"excerpt":{"rendered":"<p>Heute m\u00f6chten wir erkl\u00e4ren, wie man beim Passat 3C\/B6 den Luftfilter wechseln kann. Was brauchen wir? einen kleinen Ratschenkasten\u00a0oder Schraubenziehersatz mit\u00a0Torx-Bits (z.B.\u00a0diesen) einen\u00a0neuen Luftfilter\u00a0(z.B.\u00a0diesen) etwas Geduld und Fingerspitzengef\u00fchl Wie funktioniert\u2019s? Zun\u00e4chst muss nat\u00fcrlich die Motorhaube ge\u00f6ffnet werden. Hinter dem Scheinwerfer auf der Fahrerseite befindet sich der Luftfilterkasten, welchen es nun mit dem passenden Torx-Bit zu [&hellip;]<\/p>\n","protected":false},"author":1,"featured_media":0,"parent":39,"menu_order":0,"comment_status":"closed","ping_status":"closed","template":"","meta":{"_monsterinsights_skip_tracking":false,"_monsterinsights_sitenote_active":false,"_monsterinsights_sitenote_note":"","_monsterinsights_sitenote_category":0,"jetpack_post_was_ever_published":false,"footnotes":""},"class_list":["post-176","page","type-page","status-publish","hentry"],"jetpack_shortlink":"https:\/\/wp.me\/P4yNfs-2Q","jetpack_sharing_enabled":true,"jetpack_likes_enabled":true,"jetpack-related-posts":[],"_links":{"self":[{"href":"https:\/\/livinlow.de\/index.php?rest_route=\/wp\/v2\/pages\/176","targetHints":{"allow":["GET"]}}],"collection":[{"href":"https:\/\/livinlow.de\/index.php?rest_route=\/wp\/v2\/pages"}],"about":[{"href":"https:\/\/livinlow.de\/index.php?rest_route=\/wp\/v2\/types\/page"}],"author":[{"embeddable":true,"href":"https:\/\/livinlow.de\/index.php?rest_route=\/wp\/v2\/users\/1"}],"replies":[{"embeddable":true,"href":"https:\/\/livinlow.de\/index.php?rest_route=%2Fwp%2Fv2%2Fcomments&post=176"}],"version-history":[{"count":4,"href":"https:\/\/livinlow.de\/index.php?rest_route=\/wp\/v2\/pages\/176\/revisions"}],"predecessor-version":[{"id":193,"href":"https:\/\/livinlow.de\/index.php?rest_route=\/wp\/v2\/pages\/176\/revisions\/193"}],"up":[{"embeddable":true,"href":"https:\/\/livinlow.de\/index.php?rest_route=\/wp\/v2\/pages\/39"}],"wp:attachment":[{"href":"https:\/\/livinlow.de\/index.php?rest_route=%2Fwp%2Fv2%2Fmedia&parent=176"}],"curies":[{"name":"wp","href":"https:\/\/api.w.org\/{rel}","templated":true}]}}