{"id":146,"date":"2015-11-20T17:11:45","date_gmt":"2015-11-20T16:11:45","guid":{"rendered":"http:\/\/www.livinlow.de\/?page_id=146"},"modified":"2015-11-21T18:27:10","modified_gmt":"2015-11-21T17:27:10","slug":"passat-3c-schluesselbatterie-wechseln","status":"publish","type":"page","link":"https:\/\/livinlow.de\/?page_id=146","title":{"rendered":"Passat 3C &#8211; Schl\u00fcsselbatterie wechseln"},"content":{"rendered":"<div class=\"pdfprnt-buttons pdfprnt-buttons-page pdfprnt-top-right\"><a href=\"https:\/\/livinlow.de\/index.php?rest_route=wpv2pages146&print=pdf\" class=\"pdfprnt-button pdfprnt-button-pdf\" target=\"_blank\"><img data-recalc-dims=\"1\" decoding=\"async\" src=\"https:\/\/i0.wp.com\/livinlow.de\/wp-content\/plugins\/pdf-print\/images\/pdf.png?w=640&#038;ssl=1\" alt=\"image_pdf\" title=\"PDF anzeigen\" \/><\/a><a href=\"https:\/\/livinlow.de\/index.php?rest_route=wpv2pages146&print=print\" class=\"pdfprnt-button pdfprnt-button-print\" target=\"_blank\"><img data-recalc-dims=\"1\" decoding=\"async\" src=\"https:\/\/i0.wp.com\/livinlow.de\/wp-content\/plugins\/pdf-print\/images\/print.png?w=640&#038;ssl=1\" alt=\"image_print\" title=\"Inhalt drucken\" \/><\/a><\/div><p>Heute m\u00f6chten wir erkl\u00e4ren, wie man beim Passat 3C\/B6 die\u00a0Batterie im Funkschl\u00fcssel wechselt.<\/p>\n<p>Diese Anleitung sollte f\u00fcr alle Modelle g\u00fcltig sein. Die Fotos stammen allerdings einem Fahrzeug\u00a0mit KESSY.<\/p>\n<p><strong>Was brauchen wir?<\/strong><\/p>\n<ul>\n<li>eine Knopfzellenbatterie, Typ CR2032 (z.B. <a rel=\"nofollow\" href=\"http:\/\/www.amazon.com\/gp\/product\/B006XE8DEM?ie=UTF8&amp;linkCode=xm2&amp;camp=2025&amp;creative=6738&amp;tag=&amp;creativeASIN=B006XE8DEM&amp;SubscriptionId=AKPASWHN7U1742678737\">diese<\/a>)<\/li>\n<li>einen\u00a0kleinen Schraubenzieher, Spatel oder \u00e4hnliches<\/li>\n<li>etwas Geduld und Fingerspitzengef\u00fchl<\/li>\n<\/ul>\n<p><strong>Wie funktioniert&#8217;s?<\/strong><\/p>\n<p>Zun\u00e4chst wird der Kunststoff-Notschl\u00fcssel entfernt.\u00a0Dazu einfach mit dem Fingernagel die seitliche Entriegelung bet\u00e4tigen und den Schl\u00fcssel nach hinten herausziehen. Anschlie\u00dfend kann man die ganze verchromte Kunststoffkappe seitlich wegschieben (siehe Foto).<\/p>\n<p><a href=\"https:\/\/i0.wp.com\/livinlow.de\/wp-content\/uploads\/2015\/11\/IMG_0306.jpg?ssl=1\"><img data-recalc-dims=\"1\" loading=\"lazy\" decoding=\"async\" class=\"alignnone size-medium wp-image-150\" src=\"https:\/\/i0.wp.com\/livinlow.de\/wp-content\/uploads\/2015\/11\/IMG_0306.jpg?resize=300%2C225&#038;ssl=1\" alt=\"IMG_0306\" width=\"300\" height=\"225\" srcset=\"https:\/\/i0.wp.com\/livinlow.de\/wp-content\/uploads\/2015\/11\/IMG_0306.jpg?resize=300%2C225&amp;ssl=1 300w, https:\/\/i0.wp.com\/livinlow.de\/wp-content\/uploads\/2015\/11\/IMG_0306.jpg?resize=1024%2C768&amp;ssl=1 1024w, https:\/\/i0.wp.com\/livinlow.de\/wp-content\/uploads\/2015\/11\/IMG_0306.jpg?w=1280&amp;ssl=1 1280w, https:\/\/i0.wp.com\/livinlow.de\/wp-content\/uploads\/2015\/11\/IMG_0306.jpg?w=1920&amp;ssl=1 1920w\" sizes=\"auto, (max-width: 300px) 100vw, 300px\" \/><\/a><\/p>\n<p>Das sollte dann so aussehen:<\/p>\n<p><img data-recalc-dims=\"1\" loading=\"lazy\" decoding=\"async\" class=\"size-medium wp-image-143 alignnone\" src=\"https:\/\/i0.wp.com\/livinlow.de\/wp-content\/uploads\/2015\/11\/IMG_0302.jpg?resize=300%2C225&#038;ssl=1\" alt=\"IMG_0302\" width=\"300\" height=\"225\" srcset=\"https:\/\/i0.wp.com\/livinlow.de\/wp-content\/uploads\/2015\/11\/IMG_0302.jpg?resize=300%2C225&amp;ssl=1 300w, https:\/\/i0.wp.com\/livinlow.de\/wp-content\/uploads\/2015\/11\/IMG_0302.jpg?resize=1024%2C768&amp;ssl=1 1024w, https:\/\/i0.wp.com\/livinlow.de\/wp-content\/uploads\/2015\/11\/IMG_0302.jpg?w=1280&amp;ssl=1 1280w, https:\/\/i0.wp.com\/livinlow.de\/wp-content\/uploads\/2015\/11\/IMG_0302.jpg?w=1920&amp;ssl=1 1920w\" sizes=\"auto, (max-width: 300px) 100vw, 300px\" \/>\u00a0<img data-recalc-dims=\"1\" loading=\"lazy\" decoding=\"async\" class=\"size-medium wp-image-151 alignnone\" src=\"https:\/\/i0.wp.com\/livinlow.de\/wp-content\/uploads\/2015\/11\/IMG_0301.jpg?resize=300%2C225&#038;ssl=1\" alt=\"IMG_0301\" width=\"300\" height=\"225\" srcset=\"https:\/\/i0.wp.com\/livinlow.de\/wp-content\/uploads\/2015\/11\/IMG_0301.jpg?resize=300%2C225&amp;ssl=1 300w, https:\/\/i0.wp.com\/livinlow.de\/wp-content\/uploads\/2015\/11\/IMG_0301.jpg?resize=1024%2C768&amp;ssl=1 1024w, https:\/\/i0.wp.com\/livinlow.de\/wp-content\/uploads\/2015\/11\/IMG_0301.jpg?w=1280&amp;ssl=1 1280w, https:\/\/i0.wp.com\/livinlow.de\/wp-content\/uploads\/2015\/11\/IMG_0301.jpg?w=1920&amp;ssl=1 1920w\" sizes=\"auto, (max-width: 300px) 100vw, 300px\" \/><\/p>\n<p>Nun hebelt man vorsichtig die beiden Geh\u00e4useh\u00e4lften auseinander. Ich habe dazu einen flachen Spatel aus Metall verwendet. Man kann es nat\u00fcrlich auch mit einem Schraubendreher oder \u00e4hnlichem machen, sollte aber dabei aufpassen dass man den Kunststoff nicht besch\u00e4digt.<\/p>\n<p><a href=\"https:\/\/i0.wp.com\/livinlow.de\/wp-content\/uploads\/2015\/11\/IMG_0304.jpg?ssl=1\"><img data-recalc-dims=\"1\" loading=\"lazy\" decoding=\"async\" class=\"alignnone size-medium wp-image-141\" src=\"https:\/\/i0.wp.com\/livinlow.de\/wp-content\/uploads\/2015\/11\/IMG_0304.jpg?resize=300%2C225&#038;ssl=1\" alt=\"IMG_0304\" width=\"300\" height=\"225\" srcset=\"https:\/\/i0.wp.com\/livinlow.de\/wp-content\/uploads\/2015\/11\/IMG_0304.jpg?resize=300%2C225&amp;ssl=1 300w, https:\/\/i0.wp.com\/livinlow.de\/wp-content\/uploads\/2015\/11\/IMG_0304.jpg?resize=1024%2C768&amp;ssl=1 1024w, https:\/\/i0.wp.com\/livinlow.de\/wp-content\/uploads\/2015\/11\/IMG_0304.jpg?w=1280&amp;ssl=1 1280w, https:\/\/i0.wp.com\/livinlow.de\/wp-content\/uploads\/2015\/11\/IMG_0304.jpg?w=1920&amp;ssl=1 1920w\" sizes=\"auto, (max-width: 300px) 100vw, 300px\" \/><\/a><\/p>\n<p>Hat man das Oberteil abgehobelt sollte es folgenderma\u00dfen aussehen:<\/p>\n<p>&nbsp;<\/p>\n<p><a href=\"https:\/\/i0.wp.com\/livinlow.de\/wp-content\/uploads\/2015\/11\/IMG_0305.jpg?ssl=1\"><img data-recalc-dims=\"1\" loading=\"lazy\" decoding=\"async\" class=\"alignnone size-medium wp-image-142\" src=\"https:\/\/i0.wp.com\/livinlow.de\/wp-content\/uploads\/2015\/11\/IMG_0305.jpg?resize=300%2C225&#038;ssl=1\" alt=\"IMG_0305\" width=\"300\" height=\"225\" srcset=\"https:\/\/i0.wp.com\/livinlow.de\/wp-content\/uploads\/2015\/11\/IMG_0305.jpg?resize=300%2C225&amp;ssl=1 300w, https:\/\/i0.wp.com\/livinlow.de\/wp-content\/uploads\/2015\/11\/IMG_0305.jpg?resize=1024%2C768&amp;ssl=1 1024w, https:\/\/i0.wp.com\/livinlow.de\/wp-content\/uploads\/2015\/11\/IMG_0305.jpg?w=1280&amp;ssl=1 1280w, https:\/\/i0.wp.com\/livinlow.de\/wp-content\/uploads\/2015\/11\/IMG_0305.jpg?w=1920&amp;ssl=1 1920w\" sizes=\"auto, (max-width: 300px) 100vw, 300px\" \/><\/a><\/p>\n<p>Nun kann man die Batterie einfach heraushebeln und ersetzen. Bei der Gelegenheit kann\u00a0man den Schl\u00fcssel auch gleich vorsichtig entstauben und reinigen.<\/p>\n<p>Der Zusammenbau erfolgt logischerweise in umgekehrter Reihenfolge.<\/p>\n","protected":false},"excerpt":{"rendered":"<p>Heute m\u00f6chten wir erkl\u00e4ren, wie man beim Passat 3C\/B6 die\u00a0Batterie im Funkschl\u00fcssel wechselt. Diese Anleitung sollte f\u00fcr alle Modelle g\u00fcltig sein. Die Fotos stammen allerdings einem Fahrzeug\u00a0mit KESSY. Was brauchen wir? eine Knopfzellenbatterie, Typ CR2032 (z.B. diese) einen\u00a0kleinen Schraubenzieher, Spatel oder \u00e4hnliches etwas Geduld und Fingerspitzengef\u00fchl Wie funktioniert&#8217;s? Zun\u00e4chst wird der Kunststoff-Notschl\u00fcssel entfernt.\u00a0Dazu einfach mit [&hellip;]<\/p>\n","protected":false},"author":1,"featured_media":0,"parent":39,"menu_order":0,"comment_status":"closed","ping_status":"closed","template":"","meta":{"_monsterinsights_skip_tracking":false,"_monsterinsights_sitenote_active":false,"_monsterinsights_sitenote_note":"","_monsterinsights_sitenote_category":0,"jetpack_post_was_ever_published":false,"footnotes":""},"class_list":["post-146","page","type-page","status-publish","hentry"],"jetpack_shortlink":"https:\/\/wp.me\/P4yNfs-2m","jetpack_sharing_enabled":true,"jetpack_likes_enabled":true,"jetpack-related-posts":[],"_links":{"self":[{"href":"https:\/\/livinlow.de\/index.php?rest_route=\/wp\/v2\/pages\/146","targetHints":{"allow":["GET"]}}],"collection":[{"href":"https:\/\/livinlow.de\/index.php?rest_route=\/wp\/v2\/pages"}],"about":[{"href":"https:\/\/livinlow.de\/index.php?rest_route=\/wp\/v2\/types\/page"}],"author":[{"embeddable":true,"href":"https:\/\/livinlow.de\/index.php?rest_route=\/wp\/v2\/users\/1"}],"replies":[{"embeddable":true,"href":"https:\/\/livinlow.de\/index.php?rest_route=%2Fwp%2Fv2%2Fcomments&post=146"}],"version-history":[{"count":3,"href":"https:\/\/livinlow.de\/index.php?rest_route=\/wp\/v2\/pages\/146\/revisions"}],"predecessor-version":[{"id":147,"href":"https:\/\/livinlow.de\/index.php?rest_route=\/wp\/v2\/pages\/146\/revisions\/147"}],"up":[{"embeddable":true,"href":"https:\/\/livinlow.de\/index.php?rest_route=\/wp\/v2\/pages\/39"}],"wp:attachment":[{"href":"https:\/\/livinlow.de\/index.php?rest_route=%2Fwp%2Fv2%2Fmedia&parent=146"}],"curies":[{"name":"wp","href":"https:\/\/api.w.org\/{rel}","templated":true}]}}